{"id":13586,"date":"2024-08-21T13:22:50","date_gmt":"2024-08-21T13:22:50","guid":{"rendered":"https:\/\/estudiosostenibilidad.com\/navalmoraldelamata\/mi-cuenta\/"},"modified":"2024-09-12T06:22:09","modified_gmt":"2024-09-12T06:22:09","slug":"mi-cuenta","status":"publish","type":"page","link":"https:\/\/estudiosostenibilidad.com\/navalmoraldelamata\/mi-cuenta\/","title":{"rendered":"Mi cuenta"},"content":{"rendered":"\t\t<div data-elementor-type=\"wp-page\" data-elementor-id=\"13586\" class=\"elementor elementor-13586\">\n\t\t\t\t<div class=\"elementor-element elementor-element-b259a7b e-flex e-con-boxed parallax_section_no qode_elementor_container_no e-con e-parent\" data-id=\"b259a7b\" data-element_type=\"container\" data-settings=\"{&quot;background_background&quot;:&quot;classic&quot;}\">\n\t\t\t\t\t<div class=\"e-con-inner\">\n\t\t<div class=\"elementor-element elementor-element-e584e1c e-con-full e-flex parallax_section_no qode_elementor_container_no elementor-invisible e-con e-child\" data-id=\"e584e1c\" data-element_type=\"container\" data-settings=\"{&quot;background_background&quot;:&quot;classic&quot;,&quot;animation&quot;:&quot;bounceIn&quot;}\">\n\t\t\t\t<div class=\"elementor-element elementor-element-c9f1793 elementor-widget elementor-widget-heading\" data-id=\"c9f1793\" data-element_type=\"widget\" data-widget_type=\"heading.default\">\n\t\t\t\t<div class=\"elementor-widget-container\">\n\t\t\t<h2 class=\"elementor-heading-title elementor-size-default\">Eval\u00faa el nivel de sostenibilidad de tu empresa<\/h2>\t\t<\/div>\n\t\t\t\t<\/div>\n\t\t\t\t<div class=\"elementor-element elementor-element-3270a43 elementor-widget elementor-widget-bridge_button\" data-id=\"3270a43\" data-element_type=\"widget\" data-widget_type=\"bridge_button.default\">\n\t\t\t\t<div class=\"elementor-widget-container\">\n\t\t\t<a  itemprop=\"url\" href=\"\/navalmoraldelamata\/test-de-autodiagnostico\/\" target=\"_self\"  class=\"qbutton  default\" style=\"color: #000000; border-color: #02010100; background-color: #A9D238;\">Haz el test<\/a>\t\t<\/div>\n\t\t\t\t<\/div>\n\t\t\t\t<\/div>\n\t\t\t\t\t<\/div>\n\t\t\t\t<\/div>\n\t\t<div class=\"elementor-element elementor-element-fabb522 e-flex e-con-boxed parallax_section_no qode_elementor_container_no e-con e-parent\" data-id=\"fabb522\" data-element_type=\"container\">\n\t\t\t\t\t<div class=\"e-con-inner\">\n\t\t\t\t<div class=\"elementor-element elementor-element-4007f10 elementor-widget elementor-widget-text-editor\" data-id=\"4007f10\" data-element_type=\"widget\" data-widget_type=\"text-editor.default\">\n\t\t\t\t<div class=\"elementor-widget-container\">\n\t\t\t\t\t\t\t<p><div id=\"user-registration\" class=\"user-registration\">\n\n\n<div class=\"ur-frontend-form login ur-frontend-form--rounded ur-frontend-form--rounded-edge\" id=\"ur-frontend-form\">\n\n\t<form class=\"user-registration-form user-registration-form-login login\" method=\"post\">\n\t\t<div class=\"ur-form-row\">\n\t\t\t<div class=\"ur-form-grid\">\n\t\t\t\t\t\t\t\t\t\t\t\t\t\t<p class=\"user-registration-form-row user-registration-form-row--wide form-row form-row-wide\">\n\t\t\t\t\t\t<label for=\"username\">Email <span class=\"required\">*<\/span><\/label>\t\t\t\t\t\t<span class=\"input-wrapper\">\n\t\t\t\t\t\t<input placeholder=\"\" type=\"text\" class=\"user-registration-Input user-registration-Input--text input-text\" name=\"username\" id=\"username\" value=\"\" style=\"\"\/>\n\t\t\t\t\t\t\t\t\t\t\t\t<\/span>\n\t\t\t\t\t<\/p>\n\t\t\t\t\t\t\t\t\t\t<p class=\"user-registration-form-row user-registration-form-row--wide form-row form-row-wide\">\n\t\t\t\t\t\t<label for=\"password\">Contrase\u00f1a <span class=\"required\">*<\/span><\/label>\t\t\t\t\t\t<span class=\"input-wrapper\">\n\t\t\t\t\t\t<span class=\"password-input-group\">\n\t\t\t\t\t\t<input placeholder=\"\" class=\"user-registration-Input user-registration-Input--text input-text\" type=\"password\" name=\"password\" id=\"password\" style=\"\" \/>\n\n\t\t\t\t\t\t\t\t\t\t\t\t\t\t\t\t\t\t<\/span>\n\t\t\t\t\t<\/p>\n\t\t\t\t\t\t\t\t\t\t\n\t\t\t\t\t\n\t\t\t\t\t<p class=\"form-row\">\n\t\t\t\t\t\t<input type=\"hidden\" id=\"user-registration-login-nonce\" name=\"user-registration-login-nonce\" value=\"9c94e4a8c8\" \/><input type=\"hidden\" name=\"_wp_http_referer\" value=\"\/navalmoraldelamata\/wp-json\/wp\/v2\/pages\/13586\" \/>\t\t\t\t\t\t<div>\n\t\t\t\t\t\t\t\t\t\t\t\t\t\t\t\t\t\t\t\t<input type=\"submit\" class=\"user-registration-Button button \" name=\"login\" value=\"Acceso\" \/>\n\t\t\t\t\t\t\t\t\t\t\t\t\t<\/div>\n\t\t\t\t\t\t<input type=\"hidden\" name=\"redirect\" value=\"\" \/>\n\t\t\t\t\t\t\t\t\t\t\t\t\t\t<label class=\"user-registration-form__label user-registration-form__label-for-checkbox inline\">\n\t\t\t\t\t\t\t\t\t<input class=\"user-registration-form__input user-registration-form__input-checkbox\" name=\"rememberme\" type=\"checkbox\" id=\"rememberme\" value=\"forever\" \/> <span>Recu\u00e9rdame<\/span>\n\t\t\t\t\t\t\t\t<\/label>\n\t\t\t\t\t\t\t\t\t\t\t\t<\/p>\n\n\t\t\t\t\t\t\t\t\t\t\t\t\t<p class=\"user-registration-LostPassword lost_password\">\n\t\t\t\t\t\t\t\t\t<a href=\"https:\/\/estudiosostenibilidad.com\/navalmoraldelamata\/mi-cuenta\/olvido-contrase\u00f1a\/\">\u00bfHas perdido tu contrase\u00f1a?<\/a>\n\t\t\t\t\t\t\t\t<\/p>\n\t\t\t\t\t\t\n\t\t\t\t\t<p class=\"user-registration-register register\">\t\t\t\t\t\t\t\t<a href=\"https:\/\/estudiosostenibilidad.com\/navalmoraldelamata\/registro\/\"> \u00bfA\u00fan no est\u00e1s registrado? Reg\u00edstrate ahora\t\t\t\t\t\t\t\t\t<\/a>\n\t\t\t\t\t\t\t\t<\/p>\t\t\t\t\t\t\t\t<\/div>\n\t\t<\/div>\n\t<\/form>\n\n<\/div>\n\n<\/div><br \/><!-- \/wp:shortcode --><\/p>\t\t\t\t\t\t<\/div>\n\t\t\t\t<\/div>\n\t\t\t\t\t<\/div>\n\t\t\t\t<\/div>\n\t\t\t\t<\/div>\n\t\t","protected":false},"excerpt":{"rendered":"<p>Eval\u00faa el nivel de sostenibilidad de tu empresa Haz el test<\/p>\n","protected":false},"author":1,"featured_media":0,"parent":0,"menu_order":0,"comment_status":"closed","ping_status":"closed","template":"full_width.php","meta":{"_joinchat":[],"footnotes":""},"class_list":["post-13586","page","type-page","status-publish","hentry"],"_links":{"self":[{"href":"https:\/\/estudiosostenibilidad.com\/navalmoraldelamata\/wp-json\/wp\/v2\/pages\/13586"}],"collection":[{"href":"https:\/\/estudiosostenibilidad.com\/navalmoraldelamata\/wp-json\/wp\/v2\/pages"}],"about":[{"href":"https:\/\/estudiosostenibilidad.com\/navalmoraldelamata\/wp-json\/wp\/v2\/types\/page"}],"author":[{"embeddable":true,"href":"https:\/\/estudiosostenibilidad.com\/navalmoraldelamata\/wp-json\/wp\/v2\/users\/1"}],"replies":[{"embeddable":true,"href":"https:\/\/estudiosostenibilidad.com\/navalmoraldelamata\/wp-json\/wp\/v2\/comments?post=13586"}],"version-history":[{"count":37,"href":"https:\/\/estudiosostenibilidad.com\/navalmoraldelamata\/wp-json\/wp\/v2\/pages\/13586\/revisions"}],"predecessor-version":[{"id":14472,"href":"https:\/\/estudiosostenibilidad.com\/navalmoraldelamata\/wp-json\/wp\/v2\/pages\/13586\/revisions\/14472"}],"wp:attachment":[{"href":"https:\/\/estudiosostenibilidad.com\/navalmoraldelamata\/wp-json\/wp\/v2\/media?parent=13586"}],"curies":[{"name":"wp","href":"https:\/\/api.w.org\/{rel}","templated":true}]}}