{"id":13611,"date":"2024-08-22T11:08:42","date_gmt":"2024-08-22T11:08:42","guid":{"rendered":"https:\/\/estudiosostenibilidad.com\/navalmoraldelamata\/?page_id=13611"},"modified":"2024-09-12T06:16:51","modified_gmt":"2024-09-12T06:16:51","slug":"login","status":"publish","type":"page","link":"https:\/\/estudiosostenibilidad.com\/navalmoraldelamata\/login\/","title":{"rendered":"Login"},"content":{"rendered":"\t\t<div data-elementor-type=\"wp-page\" data-elementor-id=\"13611\" class=\"elementor elementor-13611\">\n\t\t\t\t<div class=\"elementor-element elementor-element-f5b8734 e-con-full e-flex parallax_section_no qode_elementor_container_no e-con e-parent\" data-id=\"f5b8734\" data-element_type=\"container\" data-settings=\"{&quot;background_background&quot;:&quot;classic&quot;}\">\n\t\t\t\t<\/div>\n\t\t<div class=\"elementor-element elementor-element-52a2af2 e-flex e-con-boxed parallax_section_no qode_elementor_container_no e-con e-parent\" data-id=\"52a2af2\" data-element_type=\"container\">\n\t\t\t\t\t<div class=\"e-con-inner\">\n\t\t\t\t<div class=\"elementor-element elementor-element-df79bb2 elementor-invisible elementor-widget elementor-widget-heading\" data-id=\"df79bb2\" data-element_type=\"widget\" data-settings=\"{&quot;_animation&quot;:&quot;zoomIn&quot;}\" data-widget_type=\"heading.default\">\n\t\t\t\t<div class=\"elementor-widget-container\">\n\t\t\t<h1 class=\"elementor-heading-title elementor-size-default\">Ingresa a tu perfil<\/h1>\t\t<\/div>\n\t\t\t\t<\/div>\n\t\t\t\t<div class=\"elementor-element elementor-element-aff0266 elementor-invisible elementor-widget elementor-widget-text-editor\" data-id=\"aff0266\" data-element_type=\"widget\" data-settings=\"{&quot;_animation&quot;:&quot;bounceIn&quot;}\" data-widget_type=\"text-editor.default\">\n\t\t\t\t<div class=\"elementor-widget-container\">\n\t\t\t\t\t\t\t<p>para hacer el test, guardar tus datos y gestionar tu certificaci\u00f3n<\/p>\t\t\t\t\t\t<\/div>\n\t\t\t\t<\/div>\n\t\t\t\t\t<\/div>\n\t\t\t\t<\/div>\n\t\t<div class=\"elementor-element elementor-element-59312385 e-flex e-con-boxed parallax_section_no qode_elementor_container_no e-con e-parent\" data-id=\"59312385\" data-element_type=\"container\">\n\t\t\t\t\t<div class=\"e-con-inner\">\n\t\t\t\t<div class=\"elementor-element elementor-element-5b0d293 elementor-widget elementor-widget-image\" data-id=\"5b0d293\" data-element_type=\"widget\" data-widget_type=\"image.default\">\n\t\t\t\t<div class=\"elementor-widget-container\">\n\t\t\t\t\t\t\t\t\t\t\t\t\t<img decoding=\"async\" width=\"102\" height=\"85\" src=\"https:\/\/estudiosostenibilidad.com\/navalmoraldelamata\/wp-content\/uploads\/2024\/08\/iniciar-sesion.webp\" class=\"attachment-large size-large wp-image-13562\" alt=\"\" \/>\t\t\t\t\t\t\t\t\t\t\t\t\t<\/div>\n\t\t\t\t<\/div>\n\t\t\t\t<div class=\"elementor-element elementor-element-2e19d59b elementor-widget elementor-widget-text-editor\" data-id=\"2e19d59b\" data-element_type=\"widget\" data-widget_type=\"text-editor.default\">\n\t\t\t\t<div class=\"elementor-widget-container\">\n\t\t\t\t\t\t\t<!-- wp:shortcode -->\n<p><div id=\"user-registration\" class=\"user-registration\">\n\n\n<div class=\"ur-frontend-form login ur-frontend-form--rounded ur-frontend-form--rounded-edge\" id=\"ur-frontend-form\">\n\n\t<form class=\"user-registration-form user-registration-form-login login\" method=\"post\">\n\t\t<div class=\"ur-form-row\">\n\t\t\t<div class=\"ur-form-grid\">\n\t\t\t\t\t\t\t\t\t\t\t\t\t\t<p class=\"user-registration-form-row user-registration-form-row--wide form-row form-row-wide\">\n\t\t\t\t\t\t<label for=\"username\">Email <span class=\"required\">*<\/span><\/label>\t\t\t\t\t\t<span class=\"input-wrapper\">\n\t\t\t\t\t\t<input placeholder=\"\" type=\"text\" class=\"user-registration-Input user-registration-Input--text input-text\" name=\"username\" id=\"username\" value=\"\" style=\"\"\/>\n\t\t\t\t\t\t\t\t\t\t\t\t<\/span>\n\t\t\t\t\t<\/p>\n\t\t\t\t\t\t\t\t\t\t<p class=\"user-registration-form-row user-registration-form-row--wide form-row form-row-wide\">\n\t\t\t\t\t\t<label for=\"password\">Contrase\u00f1a <span class=\"required\">*<\/span><\/label>\t\t\t\t\t\t<span class=\"input-wrapper\">\n\t\t\t\t\t\t<span class=\"password-input-group\">\n\t\t\t\t\t\t<input placeholder=\"\" class=\"user-registration-Input user-registration-Input--text input-text\" type=\"password\" name=\"password\" id=\"password\" style=\"\" \/>\n\n\t\t\t\t\t\t\t\t\t\t\t\t\t\t\t\t\t\t<\/span>\n\t\t\t\t\t<\/p>\n\t\t\t\t\t\t\t\t\t\t\n\t\t\t\t\t\n\t\t\t\t\t<p class=\"form-row\">\n\t\t\t\t\t\t<input type=\"hidden\" id=\"user-registration-login-nonce\" name=\"user-registration-login-nonce\" value=\"6bd9dcf977\" \/><input type=\"hidden\" name=\"_wp_http_referer\" value=\"\/navalmoraldelamata\/wp-json\/wp\/v2\/pages\/13611\" \/>\t\t\t\t\t\t<div>\n\t\t\t\t\t\t\t\t\t\t\t\t\t\t\t\t\t\t\t\t<input type=\"submit\" class=\"user-registration-Button button \" name=\"login\" value=\"Acceso\" \/>\n\t\t\t\t\t\t\t\t\t\t\t\t\t<\/div>\n\t\t\t\t\t\t<input type=\"hidden\" name=\"redirect\" value=\"https:\/\/estudiosostenibilidad.com\/navalmoraldelamata\/mi-cuenta\/\" \/>\n\t\t\t\t\t\t\t\t\t\t\t\t\t\t<label class=\"user-registration-form__label user-registration-form__label-for-checkbox inline\">\n\t\t\t\t\t\t\t\t\t<input class=\"user-registration-form__input user-registration-form__input-checkbox\" name=\"rememberme\" type=\"checkbox\" id=\"rememberme\" value=\"forever\" \/> <span>Recu\u00e9rdame<\/span>\n\t\t\t\t\t\t\t\t<\/label>\n\t\t\t\t\t\t\t\t\t\t\t\t<\/p>\n\n\t\t\t\t\t\t\t\t\t\t\t\t\t<p class=\"user-registration-LostPassword lost_password\">\n\t\t\t\t\t\t\t\t\t<a href=\"https:\/\/estudiosostenibilidad.com\/navalmoraldelamata\/mi-cuenta\/olvido-contrase\u00f1a\/\">\u00bfHas perdido tu contrase\u00f1a?<\/a>\n\t\t\t\t\t\t\t\t<\/p>\n\t\t\t\t\t\t\n\t\t\t\t\t<p class=\"user-registration-register register\">\t\t\t\t\t\t\t\t<a href=\"https:\/\/estudiosostenibilidad.com\/navalmoraldelamata\/registro\/\"> \u00bfA\u00fan no est\u00e1s registrado? Reg\u00edstrate ahora\t\t\t\t\t\t\t\t\t<\/a>\n\t\t\t\t\t\t\t\t<\/p>\t\t\t\t\t\t\t\t<\/div>\n\t\t<\/div>\n\t<\/form>\n\n<\/div>\n\n<\/div><\/p>\n<!-- \/wp:shortcode -->\t\t\t\t\t\t<\/div>\n\t\t\t\t<\/div>\n\t\t\t\t\t<\/div>\n\t\t\t\t<\/div>\n\t\t\t\t<\/div>\n\t\t","protected":false},"excerpt":{"rendered":"<p>Ingresa a tu perfil para hacer el test, guardar tus datos y gestionar tu certificaci\u00f3n<\/p>\n","protected":false},"author":1,"featured_media":0,"parent":0,"menu_order":0,"comment_status":"closed","ping_status":"closed","template":"full_width.php","meta":{"_joinchat":[],"footnotes":""},"class_list":["post-13611","page","type-page","status-publish","hentry"],"_links":{"self":[{"href":"https:\/\/estudiosostenibilidad.com\/navalmoraldelamata\/wp-json\/wp\/v2\/pages\/13611"}],"collection":[{"href":"https:\/\/estudiosostenibilidad.com\/navalmoraldelamata\/wp-json\/wp\/v2\/pages"}],"about":[{"href":"https:\/\/estudiosostenibilidad.com\/navalmoraldelamata\/wp-json\/wp\/v2\/types\/page"}],"author":[{"embeddable":true,"href":"https:\/\/estudiosostenibilidad.com\/navalmoraldelamata\/wp-json\/wp\/v2\/users\/1"}],"replies":[{"embeddable":true,"href":"https:\/\/estudiosostenibilidad.com\/navalmoraldelamata\/wp-json\/wp\/v2\/comments?post=13611"}],"version-history":[{"count":34,"href":"https:\/\/estudiosostenibilidad.com\/navalmoraldelamata\/wp-json\/wp\/v2\/pages\/13611\/revisions"}],"predecessor-version":[{"id":14454,"href":"https:\/\/estudiosostenibilidad.com\/navalmoraldelamata\/wp-json\/wp\/v2\/pages\/13611\/revisions\/14454"}],"wp:attachment":[{"href":"https:\/\/estudiosostenibilidad.com\/navalmoraldelamata\/wp-json\/wp\/v2\/media?parent=13611"}],"curies":[{"name":"wp","href":"https:\/\/api.w.org\/{rel}","templated":true}]}}