{"id":13669,"date":"2024-08-23T06:17:07","date_gmt":"2024-08-23T06:17:07","guid":{"rendered":"https:\/\/estudiosostenibilidad.com\/navalmoraldelamata\/?page_id=13669"},"modified":"2024-09-12T06:46:27","modified_gmt":"2024-09-12T06:46:27","slug":"test-de-autodiagnostico","status":"publish","type":"page","link":"https:\/\/estudiosostenibilidad.com\/navalmoraldelamata\/test-de-autodiagnostico\/","title":{"rendered":"Test de autodiagn\u00f3stico"},"content":{"rendered":"\t\t<div data-elementor-type=\"wp-page\" data-elementor-id=\"13669\" class=\"elementor elementor-13669\">\n\t\t\t\t<div class=\"elementor-element elementor-element-951e6bd e-flex e-con-boxed parallax_section_no qode_elementor_container_no e-con e-parent\" data-id=\"951e6bd\" data-element_type=\"container\" data-settings=\"{&quot;background_background&quot;:&quot;classic&quot;}\">\n\t\t\t\t\t<div class=\"e-con-inner\">\n\t\t<div class=\"elementor-element elementor-element-8a71b42 e-flex e-con-boxed parallax_section_no qode_elementor_container_no e-con e-child\" data-id=\"8a71b42\" data-element_type=\"container\">\n\t\t\t\t\t<div class=\"e-con-inner\">\n\t\t\t\t<div class=\"elementor-element elementor-element-717cdfb elementor-invisible elementor-widget elementor-widget-text-editor\" data-id=\"717cdfb\" data-element_type=\"widget\" data-settings=\"{&quot;_animation&quot;:&quot;fadeInLeft&quot;}\" data-widget_type=\"text-editor.default\">\n\t\t\t\t<div class=\"elementor-widget-container\">\n\t\t\t\t\t\t\t<p>Conoce el nivel de sostenibilidad de tu empresa<\/p>\t\t\t\t\t\t<\/div>\n\t\t\t\t<\/div>\n\t\t\t\t<div class=\"elementor-element elementor-element-8d15ca4 elementor-invisible elementor-widget elementor-widget-heading\" data-id=\"8d15ca4\" data-element_type=\"widget\" data-settings=\"{&quot;_animation&quot;:&quot;fadeInLeft&quot;}\" data-widget_type=\"heading.default\">\n\t\t\t\t<div class=\"elementor-widget-container\">\n\t\t\t<h1 class=\"elementor-heading-title elementor-size-default\">Test de autodiagn\u00f3stico<\/h1>\t\t<\/div>\n\t\t\t\t<\/div>\n\t\t\t\t<div class=\"elementor-element elementor-element-136be72 elementor-invisible elementor-widget elementor-widget-text-editor\" data-id=\"136be72\" data-element_type=\"widget\" data-settings=\"{&quot;_animation&quot;:&quot;fadeInLeft&quot;}\" data-widget_type=\"text-editor.default\">\n\t\t\t\t<div class=\"elementor-widget-container\">\n\t\t\t\t\t\t\t<p>Tras hacer el cuestionario recibir\u00e1s una puntuaci\u00f3n y un listado<\/p><p>de soluciones a implementar en las \u00e1reas que requieran mejora.<\/p>\t\t\t\t\t\t<\/div>\n\t\t\t\t<\/div>\n\t\t<div class=\"elementor-element elementor-element-d1bc0f2 e-con-full e-flex parallax_section_no qode_elementor_container_no e-con e-child\" data-id=\"d1bc0f2\" data-element_type=\"container\">\n\t\t<div class=\"elementor-element elementor-element-429f891 e-con-full e-flex parallax_section_no qode_elementor_container_no e-con e-child\" data-id=\"429f891\" data-element_type=\"container\" data-settings=\"{&quot;background_background&quot;:&quot;classic&quot;}\">\n\t\t\t\t<div class=\"elementor-element elementor-element-486e85a elementor-invisible elementor-widget elementor-widget-image\" data-id=\"486e85a\" data-element_type=\"widget\" data-settings=\"{&quot;_animation&quot;:&quot;bounceIn&quot;}\" data-widget_type=\"image.default\">\n\t\t\t\t<div class=\"elementor-widget-container\">\n\t\t\t\t\t\t\t\t\t\t\t\t\t<img decoding=\"async\" width=\"82\" height=\"72\" src=\"https:\/\/estudiosostenibilidad.com\/navalmoraldelamata\/wp-content\/uploads\/2024\/08\/header-diagnostico-01.webp\" class=\"attachment-large size-large wp-image-13724\" alt=\"\" \/>\t\t\t\t\t\t\t\t\t\t\t\t\t<\/div>\n\t\t\t\t<\/div>\n\t\t\t\t<div class=\"elementor-element elementor-element-675efbe elementor-widget elementor-widget-text-editor\" data-id=\"675efbe\" data-element_type=\"widget\" data-widget_type=\"text-editor.default\">\n\t\t\t\t<div class=\"elementor-widget-container\">\n\t\t\t\t\t\t\t<p>Recuerda que este test es un diagn\u00f3stico inicial para saber de qu\u00e9 punto parte tu empresa y poder mejorar y progresar marcando objetivos concretos y alcanzables.<\/p>\t\t\t\t\t\t<\/div>\n\t\t\t\t<\/div>\n\t\t\t\t<\/div>\n\t\t<div class=\"elementor-element elementor-element-1126292 e-con-full e-flex parallax_section_no qode_elementor_container_no e-con e-child\" data-id=\"1126292\" data-element_type=\"container\" data-settings=\"{&quot;background_background&quot;:&quot;classic&quot;}\">\n\t\t\t\t<div class=\"elementor-element elementor-element-f8b065a elementor-invisible elementor-widget elementor-widget-image\" data-id=\"f8b065a\" data-element_type=\"widget\" data-settings=\"{&quot;_animation&quot;:&quot;bounceIn&quot;}\" data-widget_type=\"image.default\">\n\t\t\t\t<div class=\"elementor-widget-container\">\n\t\t\t\t\t\t\t\t\t\t\t\t\t<img decoding=\"async\" width=\"72\" height=\"72\" src=\"https:\/\/estudiosostenibilidad.com\/navalmoraldelamata\/wp-content\/uploads\/2024\/08\/2header-diagnostico-02.webp\" class=\"attachment-large size-large wp-image-13725\" alt=\"\" \/>\t\t\t\t\t\t\t\t\t\t\t\t\t<\/div>\n\t\t\t\t<\/div>\n\t\t\t\t<div class=\"elementor-element elementor-element-975790f elementor-widget elementor-widget-text-editor\" data-id=\"975790f\" data-element_type=\"widget\" data-widget_type=\"text-editor.default\">\n\t\t\t\t<div class=\"elementor-widget-container\">\n\t\t\t\t\t\t\t<p>Podr\u00e1s hacer el test tantas veces como quieras para monitorizar tu evoluci\u00f3n.<\/p>\t\t\t\t\t\t<\/div>\n\t\t\t\t<\/div>\n\t\t\t\t<\/div>\n\t\t\t\t<\/div>\n\t\t\t\t\t<\/div>\n\t\t\t\t<\/div>\n\t\t\t\t\t<\/div>\n\t\t\t\t<\/div>\n\t\t<div class=\"elementor-element elementor-element-d893027 e-flex e-con-boxed parallax_section_no qode_elementor_container_no e-con e-parent\" data-id=\"d893027\" data-element_type=\"container\">\n\t\t\t\t\t<div class=\"e-con-inner\">\n\t\t\t\t<div class=\"elementor-element elementor-element-eb894f5 elementor-invisible elementor-widget elementor-widget-bridge_button\" data-id=\"eb894f5\" data-element_type=\"widget\" data-settings=\"{&quot;_animation&quot;:&quot;zoomIn&quot;}\" data-widget_type=\"bridge_button.default\">\n\t\t\t\t<div class=\"elementor-widget-container\">\n\t\t\t<a id=\"empezar-encuesta-sostenibilidad\" itemprop=\"url\" href=\"#\" target=\"_self\"  class=\"qbutton  default\" style=\"color: #141414; border-color: #02010100; font-weight: 900; background-color: #A9D238;\">Empieza el test<\/a>\t\t<\/div>\n\t\t\t\t<\/div>\n\t\t\t\t\t<\/div>\n\t\t\t\t<\/div>\n\t\t\t\t<\/div>\n\t\t","protected":false},"excerpt":{"rendered":"<p>Conoce el nivel de sostenibilidad de tu empresa Test de autodiagn\u00f3stico Tras hacer el cuestionario recibir\u00e1s una puntuaci\u00f3n y un listado de soluciones a implementar en las \u00e1reas que requieran mejora. Recuerda que este test es un diagn\u00f3stico inicial para saber de qu\u00e9 punto parte&#8230;<\/p>\n","protected":false},"author":1,"featured_media":0,"parent":0,"menu_order":0,"comment_status":"closed","ping_status":"closed","template":"full_width.php","meta":{"_joinchat":[],"footnotes":""},"class_list":["post-13669","page","type-page","status-publish","hentry"],"_links":{"self":[{"href":"https:\/\/estudiosostenibilidad.com\/navalmoraldelamata\/wp-json\/wp\/v2\/pages\/13669"}],"collection":[{"href":"https:\/\/estudiosostenibilidad.com\/navalmoraldelamata\/wp-json\/wp\/v2\/pages"}],"about":[{"href":"https:\/\/estudiosostenibilidad.com\/navalmoraldelamata\/wp-json\/wp\/v2\/types\/page"}],"author":[{"embeddable":true,"href":"https:\/\/estudiosostenibilidad.com\/navalmoraldelamata\/wp-json\/wp\/v2\/users\/1"}],"replies":[{"embeddable":true,"href":"https:\/\/estudiosostenibilidad.com\/navalmoraldelamata\/wp-json\/wp\/v2\/comments?post=13669"}],"version-history":[{"count":175,"href":"https:\/\/estudiosostenibilidad.com\/navalmoraldelamata\/wp-json\/wp\/v2\/pages\/13669\/revisions"}],"predecessor-version":[{"id":14512,"href":"https:\/\/estudiosostenibilidad.com\/navalmoraldelamata\/wp-json\/wp\/v2\/pages\/13669\/revisions\/14512"}],"wp:attachment":[{"href":"https:\/\/estudiosostenibilidad.com\/navalmoraldelamata\/wp-json\/wp\/v2\/media?parent=13669"}],"curies":[{"name":"wp","href":"https:\/\/api.w.org\/{rel}","templated":true}]}}